{"id":1635,"date":"2022-06-20T08:27:24","date_gmt":"2022-06-20T06:27:24","guid":{"rendered":"https:\/\/www.ilpozzeto.com\/servizi\/"},"modified":"2022-11-16T10:16:51","modified_gmt":"2022-11-16T08:16:51","slug":"servizi","status":"publish","type":"page","link":"https:\/\/www.ilpozzeto.com\/it\/servizi\/","title":{"rendered":"Servizi"},"content":{"rendered":"\t\t<div data-elementor-type=\"wp-page\" data-elementor-id=\"1635\" class=\"elementor elementor-1635 elementor-27\">\n\t\t\t\t\t\t<section class=\"elementor-section elementor-top-section elementor-element elementor-element-6c7f828 elementor-section-height-min-height elementor-section-items-bottom elementor-section-boxed elementor-section-height-default\" data-id=\"6c7f828\" data-element_type=\"section\" data-e-type=\"section\" data-settings=\"{&quot;background_background&quot;:&quot;slideshow&quot;,&quot;background_slideshow_gallery&quot;:[{&quot;id&quot;:757,&quot;url&quot;:&quot;https:\\\/\\\/ilpozzeto.com\\\/wp-content\\\/uploads\\\/2022\\\/08\\\/restaurant.jpg&quot;},{&quot;id&quot;:412,&quot;url&quot;:&quot;https:\\\/\\\/ilpozzeto.com\\\/wp-content\\\/uploads\\\/2022\\\/07\\\/Pizza-night.jpg&quot;}],&quot;background_slideshow_loop&quot;:&quot;yes&quot;,&quot;background_slideshow_slide_duration&quot;:5000,&quot;background_slideshow_slide_transition&quot;:&quot;fade&quot;,&quot;background_slideshow_transition_duration&quot;:500}\">\n\t\t\t\t\t\t\t<div class=\"elementor-background-overlay\"><\/div>\n\t\t\t\t\t\t\t<div class=\"elementor-container elementor-column-gap-default\">\n\t\t\t\t\t<div class=\"elementor-column elementor-col-100 elementor-top-column elementor-element elementor-element-aaf78db\" data-id=\"aaf78db\" data-element_type=\"column\" data-e-type=\"column\">\n\t\t\t<div class=\"elementor-widget-wrap elementor-element-populated\">\n\t\t\t\t\t\t<div class=\"elementor-element elementor-element-8b585e9 elementor-widget elementor-widget-heading\" data-id=\"8b585e9\" data-element_type=\"widget\" data-e-type=\"widget\" data-widget_type=\"heading.default\">\n\t\t\t\t<div class=\"elementor-widget-container\">\n\t\t\t\t\t<h1 class=\"elementor-heading-title elementor-size-default\">Scopri i nostri servizi<\/h1>\t\t\t\t<\/div>\n\t\t\t\t<\/div>\n\t\t\t\t\t<\/div>\n\t\t<\/div>\n\t\t\t\t\t<\/div>\n\t\t<\/section>\n\t\t\t\t<section class=\"elementor-section elementor-top-section elementor-element elementor-element-8449dd4 elementor-section-boxed elementor-section-height-default elementor-section-height-default\" data-id=\"8449dd4\" data-element_type=\"section\" data-e-type=\"section\">\n\t\t\t\t\t\t<div class=\"elementor-container elementor-column-gap-default\">\n\t\t\t\t\t<div class=\"elementor-column elementor-col-16 elementor-top-column elementor-element elementor-element-4c3a71c\" data-id=\"4c3a71c\" data-element_type=\"column\" data-e-type=\"column\">\n\t\t\t<div class=\"elementor-widget-wrap\">\n\t\t\t\t\t\t\t<\/div>\n\t\t<\/div>\n\t\t\t\t<div class=\"elementor-column elementor-col-66 elementor-top-column elementor-element elementor-element-94f928b\" data-id=\"94f928b\" data-element_type=\"column\" data-e-type=\"column\">\n\t\t\t<div class=\"elementor-widget-wrap elementor-element-populated\">\n\t\t\t\t\t\t<div class=\"elementor-element elementor-element-02ef647 elementor-widget elementor-widget-text-editor\" data-id=\"02ef647\" data-element_type=\"widget\" data-e-type=\"widget\" data-widget_type=\"text-editor.default\">\n\t\t\t\t<div class=\"elementor-widget-container\">\n\t\t\t\t\t\t\t\t\t<p style=\"text-align: center;\">Il Pozzeto offre diversi tipi di servizi per i clienti. Il nostro staff prepara pasti tipici italiani, ma anche colazioni e pranzi al sacco.<\/p>\n<p style=\"text-align: center;\">Organizziamo degustazioni vino per gruppi grandi e piccoli, visite nei borghi vicini, lezioni di cucina, aperitivi a bordo Jacuzzi e molte altre opzioni anche su richiesta. Da noi godrete della rilassante atmosfera toscana.<\/p>\n<p style=\"text-align: center;\">Vi accoglieremo tutte le mattine dale <b class=\"\">8:30 alle 10:30<\/b><\/p>\n\t\t\t\t\t\t\t\t<\/div>\n\t\t\t\t<\/div>\n\t\t\t\t\t<\/div>\n\t\t<\/div>\n\t\t\t\t<div class=\"elementor-column elementor-col-16 elementor-top-column elementor-element elementor-element-19c6998\" data-id=\"19c6998\" data-element_type=\"column\" data-e-type=\"column\">\n\t\t\t<div class=\"elementor-widget-wrap\">\n\t\t\t\t\t\t\t<\/div>\n\t\t<\/div>\n\t\t\t\t\t<\/div>\n\t\t<\/section>\n\t\t\t\t<section class=\"elementor-section elementor-top-section elementor-element elementor-element-f78464d elementor-section-boxed elementor-section-height-default elementor-section-height-default\" data-id=\"f78464d\" data-element_type=\"section\" data-e-type=\"section\">\n\t\t\t\t\t\t<div class=\"elementor-container elementor-column-gap-default\">\n\t\t\t\t\t<div class=\"elementor-column elementor-col-100 elementor-top-column elementor-element elementor-element-5165a77\" data-id=\"5165a77\" data-element_type=\"column\" data-e-type=\"column\">\n\t\t\t<div class=\"elementor-widget-wrap elementor-element-populated\">\n\t\t\t\t\t\t<div class=\"elementor-element elementor-element-c8ddd67 elementor-widget elementor-widget-shortcode\" data-id=\"c8ddd67\" data-element_type=\"widget\" data-e-type=\"widget\" data-widget_type=\"shortcode.default\">\n\t\t\t\t<div class=\"elementor-widget-container\">\n\t\t\t\t\t\t\t<div class=\"elementor-shortcode\"><div class=\"slider service\"><h2>Ristorante<\/h2><div class=\"owl-carousel owl-theme Ristorante \"><div class=\"item\"><div class=\"item-image\"><img decoding=\"async\" src=\"https:\/\/www.ilpozzeto.com\/wp-content\/uploads\/2022\/07\/breakfast.jpg\" alt=\"\"><\/div><div class=\"item-text\"><h3>Colazione a buffet<\/h3><p><strong>Servita su terrazzo panoramico<\/strong><br \/>\nVi accoglieremo tutte le mattine dalle 9.00 alle 10.30 con caff\u00e8, t\u00e8, cappuccino, succhi, corn-flakes, muesli, formaggi, affettati, yogurt, pomodori dell&#8217;orto, marmellate fatte in casa, miele biologico del nostro vicino, frittate, uova e bacon, frutta fresca, insalate, frittelle, torte fatte in casa, pane, pasticcini, frutta secca&#8230;<\/p>\n<\/div><\/div><div class=\"item\"><div class=\"item-image\"><img decoding=\"async\" src=\"https:\/\/www.ilpozzeto.com\/wp-content\/uploads\/2022\/07\/pizza-preparation.jpg\" alt=\"\"><\/div><div class=\"item-text\"><h3>Venerd\u00ec Serata Pizza!<\/h3><p>Ogni venerd\u00ec, a bordo piscina, assaggerete tutti i tipi di pizza (forno a legna).<\/p>\n<p>Musica, ballo e intrattenimento!<\/p>\n<p>La piscina sar\u00e0 illuminata fino a tardi per una nuotata notturna!<\/p>\n<\/div><\/div><div class=\"item\"><div class=\"item-image\"><img decoding=\"async\" src=\"https:\/\/www.ilpozzeto.com\/wp-content\/uploads\/2022\/07\/cold-cuts.jpg\" alt=\"\"><\/div><div class=\"item-text\"><h3>Selezione di salumi e formaggi toscani<\/h3><p>La sera in cui non stiamo cucinando vi serviremo nel vostro appartamento un tagliere in legno con salumi e formaggi toscani, miele biologico, pane e marmellata di fichi.<\/p>\n<\/div><\/div><div class=\"item\"><div class=\"item-image\"><img decoding=\"async\" src=\"https:\/\/www.ilpozzeto.com\/wp-content\/uploads\/2022\/07\/lunch-boxes.webp\" alt=\"\"><\/div><div class=\"item-text\"><h3>Pranzo al sacco in piscina<\/h3><p>Panini e insalate vengono serviti nell&#8217;area della piscina, su prenotazione durante la colazione.<\/p>\n<\/div><\/div><div class=\"item\"><div class=\"item-image\"><img decoding=\"async\" src=\"https:\/\/www.ilpozzeto.com\/wp-content\/uploads\/2022\/07\/wine-degustation.webp\" alt=\"\"><\/div><div class=\"item-text\"><h3>Degustazione di vini<\/h3><p>Scegliamo per voi un&#8217;intera gamma di vini toscani e organizziamo &#8220;degustazioni di vini&#8221; su richiesta con un minimo di 10 persone.<\/p>\n<\/div><\/div><div class=\"item\"><div class=\"item-image\"><img decoding=\"async\" src=\"https:\/\/www.ilpozzeto.com\/wp-content\/uploads\/2022\/07\/guest-table.webp\" alt=\"\"><\/div><div class=\"item-text\"><h3>Tavolo per gli ospiti<\/h3><p>Vi accoglieremo pi\u00f9 volte alla settimana per degustare una cucina stagionale, gourmet e locale.<\/p>\n<p>Il tavolo \u00e8 aperto tutti i marted\u00ec, gioved\u00ec e sabato sera su prenotazione.<\/p>\n<p>Tutti i nostri piatti sono fatti in casa.<\/p>\n<\/div><\/div><\/div><script type=\"text\/javascript\">\n                  jQuery(document).ready(function($) {\n                  $(\".Ristorante\").owlCarousel({\n                  center: true,\n                  items:1,\n                  nav:true,\n                  dots:false,\n                  loop:true,\n                  margin:10,\n                  animateOut: \"fadeOut\",\n                  navText : ['<i aria-hidden=\"true\" class=\"fas fa-long-arrow-alt-left\"><\/i>','<i aria-hidden=\"true\" class=\"fas fa-long-arrow-alt-right\"><\/i>'],\n                });});<\/script><\/div><\/div>\n\t\t\t\t\t\t<\/div>\n\t\t\t\t<\/div>\n\t\t\t\t\t<\/div>\n\t\t<\/div>\n\t\t\t\t\t<\/div>\n\t\t<\/section>\n\t\t\t\t<section class=\"elementor-section elementor-top-section elementor-element elementor-element-7e5c6d7 elementor-section-boxed elementor-section-height-default elementor-section-height-default\" data-id=\"7e5c6d7\" data-element_type=\"section\" data-e-type=\"section\">\n\t\t\t\t\t\t<div class=\"elementor-container elementor-column-gap-default\">\n\t\t\t\t\t<div class=\"elementor-column elementor-col-100 elementor-top-column elementor-element elementor-element-eb1c46a\" data-id=\"eb1c46a\" data-element_type=\"column\" data-e-type=\"column\">\n\t\t\t<div class=\"elementor-widget-wrap\">\n\t\t\t\t\t\t\t<\/div>\n\t\t<\/div>\n\t\t\t\t\t<\/div>\n\t\t<\/section>\n\t\t\t\t<section class=\"elementor-section elementor-top-section elementor-element elementor-element-7766ed7 elementor-section-boxed elementor-section-height-default elementor-section-height-default\" data-id=\"7766ed7\" data-element_type=\"section\" data-e-type=\"section\">\n\t\t\t\t\t\t<div class=\"elementor-container elementor-column-gap-default\">\n\t\t\t\t\t<div class=\"elementor-column elementor-col-100 elementor-top-column elementor-element elementor-element-a513245\" data-id=\"a513245\" data-element_type=\"column\" data-e-type=\"column\">\n\t\t\t<div class=\"elementor-widget-wrap elementor-element-populated\">\n\t\t\t\t\t\t<div class=\"elementor-element elementor-element-1309970 elementor-widget elementor-widget-shortcode\" data-id=\"1309970\" data-element_type=\"widget\" data-e-type=\"widget\" data-widget_type=\"shortcode.default\">\n\t\t\t\t<div class=\"elementor-widget-container\">\n\t\t\t\t\t\t\t<div class=\"elementor-shortcode\"><div class=\"slider service reverse brown\"><h2>Attivit\u00e0<\/h2><div class=\"owl-carousel owl-theme attivita \"><div class=\"item\"><div class=\"item-image\"><img decoding=\"async\" src=\"https:\/\/www.ilpozzeto.com\/wp-content\/uploads\/2022\/08\/mountain-ebike.webp\" alt=\"\"><\/div><div class=\"item-text\"><h3>Mountain bike & E-bikes<\/h3><p>Scopri la Toscana attraverso le 2 ruote. Potrai vedere il paesaggio con occhi diversi circondati dalla natura.<\/p>\n<\/div><\/div><div class=\"item\"><div class=\"item-image\"><img decoding=\"async\" src=\"https:\/\/www.ilpozzeto.com\/wp-content\/uploads\/2022\/08\/ping-pong-tuscany.jpg\" alt=\"\"><\/div><div class=\"item-text\"><h3>Ping pong<\/h3><p>Vivi qualche momento di svago giocando a ping pong con la tua famiglia o gli amici.<\/p>\n<\/div><\/div><div class=\"item\"><div class=\"item-image\"><img decoding=\"async\" src=\"https:\/\/www.ilpozzeto.com\/wp-content\/uploads\/2022\/08\/table-football.jpg\" alt=\"\"><\/div><div class=\"item-text\"><h3>Calcio balilla<\/h3><p>Sfida i tuoi amici nello sport da bar preferito degli italiani, il calcio balilla.<\/p>\n<\/div><\/div><\/div><script type=\"text\/javascript\">\n                  jQuery(document).ready(function($) {\n                  $(\".attivita\").owlCarousel({\n                  center: true,\n                  items:1,\n                  nav:true,\n                  dots:false,\n                  loop:true,\n                  margin:10,\n                  animateOut: \"fadeOut\",\n                  navText : ['<i aria-hidden=\"true\" class=\"fas fa-long-arrow-alt-left\"><\/i>','<i aria-hidden=\"true\" class=\"fas fa-long-arrow-alt-right\"><\/i>'],\n                });});<\/script><\/div><\/div>\n\t\t\t\t\t\t<\/div>\n\t\t\t\t<\/div>\n\t\t\t\t\t<\/div>\n\t\t<\/div>\n\t\t\t\t\t<\/div>\n\t\t<\/section>\n\t\t\t\t<section class=\"elementor-section elementor-top-section elementor-element elementor-element-60b6701 elementor-section-boxed elementor-section-height-default elementor-section-height-default\" data-id=\"60b6701\" data-element_type=\"section\" data-e-type=\"section\">\n\t\t\t\t\t\t<div class=\"elementor-container elementor-column-gap-default\">\n\t\t\t\t\t<div class=\"elementor-column elementor-col-16 elementor-top-column elementor-element elementor-element-f0893bf\" data-id=\"f0893bf\" data-element_type=\"column\" data-e-type=\"column\">\n\t\t\t<div class=\"elementor-widget-wrap\">\n\t\t\t\t\t\t\t<\/div>\n\t\t<\/div>\n\t\t\t\t<div class=\"elementor-column elementor-col-66 elementor-top-column elementor-element elementor-element-b5a75a4\" data-id=\"b5a75a4\" data-element_type=\"column\" data-e-type=\"column\">\n\t\t\t<div class=\"elementor-widget-wrap elementor-element-populated\">\n\t\t\t\t\t\t<div class=\"elementor-element elementor-element-a6485bc elementor-widget elementor-widget-text-editor\" data-id=\"a6485bc\" data-element_type=\"widget\" data-e-type=\"widget\" data-widget_type=\"text-editor.default\">\n\t\t\t\t<div class=\"elementor-widget-container\">\n\t\t\t\t\t\t\t\t\t<p style=\"text-align: center;\">Tutte le informazioni relative a viaggi e giorni di mercato sono disponibili presso la reception. <br \/>Sono disponibili brochure e mappe stradali e Wi-Fi. <br \/>Un piccolo negozio di prodotti locali \u00e8 a vostra disposizione presso la reception.<\/p>\n\t\t\t\t\t\t\t\t<\/div>\n\t\t\t\t<\/div>\n\t\t\t\t\t<\/div>\n\t\t<\/div>\n\t\t\t\t<div class=\"elementor-column elementor-col-16 elementor-top-column elementor-element elementor-element-5be7569\" data-id=\"5be7569\" data-element_type=\"column\" data-e-type=\"column\">\n\t\t\t<div class=\"elementor-widget-wrap\">\n\t\t\t\t\t\t\t<\/div>\n\t\t<\/div>\n\t\t\t\t\t<\/div>\n\t\t<\/section>\n\t\t\t\t<\/div>\n\t\t","protected":false},"excerpt":{"rendered":"<p>Scopri i nostri servizi Il Pozzeto offre diversi tipi di servizi per i&#8230;<\/p>\n","protected":false},"author":1,"featured_media":0,"parent":0,"menu_order":0,"comment_status":"closed","ping_status":"closed","template":"elementor_header_footer","meta":{"_acf_changed":false,"footnotes":""},"class_list":["post-1635","page","type-page","status-publish","hentry"],"acf":[],"yoast_head":"<!-- This site is optimized with the Yoast SEO plugin v27.3 - https:\/\/yoast.com\/product\/yoast-seo-wordpress\/ -->\n<title>Servizi - Il Pozzeto<\/title>\n<meta name=\"robots\" content=\"index, follow, max-snippet:-1, max-image-preview:large, max-video-preview:-1\" \/>\n<link rel=\"canonical\" href=\"https:\/\/www.ilpozzeto.com\/it\/servizi\/\" \/>\n<meta property=\"og:locale\" content=\"it_IT\" \/>\n<meta property=\"og:type\" content=\"article\" \/>\n<meta property=\"og:title\" content=\"Servizi - Il Pozzeto\" \/>\n<meta property=\"og:description\" content=\"Scopri i nostri servizi Il Pozzeto offre diversi tipi di servizi per i...\" \/>\n<meta property=\"og:url\" content=\"https:\/\/www.ilpozzeto.com\/it\/servizi\/\" \/>\n<meta property=\"og:site_name\" content=\"Il Pozzeto\" \/>\n<meta property=\"article:publisher\" content=\"https:\/\/www.facebook.com\/IlPozzeto\/\" \/>\n<meta property=\"article:modified_time\" content=\"2022-11-16T08:16:51+00:00\" \/>\n<meta name=\"twitter:card\" content=\"summary_large_image\" \/>\n<meta name=\"twitter:label1\" content=\"Tempo di lettura stimato\" \/>\n\t<meta name=\"twitter:data1\" content=\"9 minuti\" \/>\n<script type=\"application\/ld+json\" class=\"yoast-schema-graph\">{\"@context\":\"https:\\\/\\\/schema.org\",\"@graph\":[{\"@type\":\"WebPage\",\"@id\":\"https:\\\/\\\/www.ilpozzeto.com\\\/it\\\/servizi\\\/\",\"url\":\"https:\\\/\\\/www.ilpozzeto.com\\\/it\\\/servizi\\\/\",\"name\":\"Servizi - Il Pozzeto\",\"isPartOf\":{\"@id\":\"https:\\\/\\\/www.ilpozzeto.com\\\/#website\"},\"datePublished\":\"2022-06-20T06:27:24+00:00\",\"dateModified\":\"2022-11-16T08:16:51+00:00\",\"breadcrumb\":{\"@id\":\"https:\\\/\\\/www.ilpozzeto.com\\\/it\\\/servizi\\\/#breadcrumb\"},\"inLanguage\":\"it-IT\",\"potentialAction\":[{\"@type\":\"ReadAction\",\"target\":[\"https:\\\/\\\/www.ilpozzeto.com\\\/it\\\/servizi\\\/\"]}]},{\"@type\":\"BreadcrumbList\",\"@id\":\"https:\\\/\\\/www.ilpozzeto.com\\\/it\\\/servizi\\\/#breadcrumb\",\"itemListElement\":[{\"@type\":\"ListItem\",\"position\":1,\"name\":\"Home\",\"item\":\"https:\\\/\\\/www.ilpozzeto.com\\\/it\\\/\"},{\"@type\":\"ListItem\",\"position\":2,\"name\":\"Servizi\"}]},{\"@type\":\"WebSite\",\"@id\":\"https:\\\/\\\/www.ilpozzeto.com\\\/#website\",\"url\":\"https:\\\/\\\/www.ilpozzeto.com\\\/\",\"name\":\"Il Pozzeto\",\"description\":\"Tuscan Relais\",\"publisher\":{\"@id\":\"https:\\\/\\\/www.ilpozzeto.com\\\/#organization\"},\"potentialAction\":[{\"@type\":\"SearchAction\",\"target\":{\"@type\":\"EntryPoint\",\"urlTemplate\":\"https:\\\/\\\/www.ilpozzeto.com\\\/?s={search_term_string}\"},\"query-input\":{\"@type\":\"PropertyValueSpecification\",\"valueRequired\":true,\"valueName\":\"search_term_string\"}}],\"inLanguage\":\"it-IT\"},{\"@type\":\"Organization\",\"@id\":\"https:\\\/\\\/www.ilpozzeto.com\\\/#organization\",\"name\":\"Il Pozzeto SRL\",\"url\":\"https:\\\/\\\/www.ilpozzeto.com\\\/\",\"logo\":{\"@type\":\"ImageObject\",\"inLanguage\":\"it-IT\",\"@id\":\"https:\\\/\\\/www.ilpozzeto.com\\\/#\\\/schema\\\/logo\\\/image\\\/\",\"url\":\"https:\\\/\\\/www.ilpozzeto.com\\\/wp-content\\\/uploads\\\/2022\\\/08\\\/Il-Pozzeto_Logo_RGB_Espresso-Brown.webp\",\"contentUrl\":\"https:\\\/\\\/www.ilpozzeto.com\\\/wp-content\\\/uploads\\\/2022\\\/08\\\/Il-Pozzeto_Logo_RGB_Espresso-Brown.webp\",\"width\":350,\"height\":197,\"caption\":\"Il Pozzeto SRL\"},\"image\":{\"@id\":\"https:\\\/\\\/www.ilpozzeto.com\\\/#\\\/schema\\\/logo\\\/image\\\/\"},\"sameAs\":[\"https:\\\/\\\/www.facebook.com\\\/IlPozzeto\\\/\",\"https:\\\/\\\/www.instagram.com\\\/relais_il_pozzeto\\\/\"]}]}<\/script>\n<!-- \/ Yoast SEO plugin. -->","yoast_head_json":{"title":"Servizi - Il Pozzeto","robots":{"index":"index","follow":"follow","max-snippet":"max-snippet:-1","max-image-preview":"max-image-preview:large","max-video-preview":"max-video-preview:-1"},"canonical":"https:\/\/www.ilpozzeto.com\/it\/servizi\/","og_locale":"it_IT","og_type":"article","og_title":"Servizi - Il Pozzeto","og_description":"Scopri i nostri servizi Il Pozzeto offre diversi tipi di servizi per i...","og_url":"https:\/\/www.ilpozzeto.com\/it\/servizi\/","og_site_name":"Il Pozzeto","article_publisher":"https:\/\/www.facebook.com\/IlPozzeto\/","article_modified_time":"2022-11-16T08:16:51+00:00","twitter_card":"summary_large_image","twitter_misc":{"Tempo di lettura stimato":"9 minuti"},"schema":{"@context":"https:\/\/schema.org","@graph":[{"@type":"WebPage","@id":"https:\/\/www.ilpozzeto.com\/it\/servizi\/","url":"https:\/\/www.ilpozzeto.com\/it\/servizi\/","name":"Servizi - Il Pozzeto","isPartOf":{"@id":"https:\/\/www.ilpozzeto.com\/#website"},"datePublished":"2022-06-20T06:27:24+00:00","dateModified":"2022-11-16T08:16:51+00:00","breadcrumb":{"@id":"https:\/\/www.ilpozzeto.com\/it\/servizi\/#breadcrumb"},"inLanguage":"it-IT","potentialAction":[{"@type":"ReadAction","target":["https:\/\/www.ilpozzeto.com\/it\/servizi\/"]}]},{"@type":"BreadcrumbList","@id":"https:\/\/www.ilpozzeto.com\/it\/servizi\/#breadcrumb","itemListElement":[{"@type":"ListItem","position":1,"name":"Home","item":"https:\/\/www.ilpozzeto.com\/it\/"},{"@type":"ListItem","position":2,"name":"Servizi"}]},{"@type":"WebSite","@id":"https:\/\/www.ilpozzeto.com\/#website","url":"https:\/\/www.ilpozzeto.com\/","name":"Il Pozzeto","description":"Tuscan Relais","publisher":{"@id":"https:\/\/www.ilpozzeto.com\/#organization"},"potentialAction":[{"@type":"SearchAction","target":{"@type":"EntryPoint","urlTemplate":"https:\/\/www.ilpozzeto.com\/?s={search_term_string}"},"query-input":{"@type":"PropertyValueSpecification","valueRequired":true,"valueName":"search_term_string"}}],"inLanguage":"it-IT"},{"@type":"Organization","@id":"https:\/\/www.ilpozzeto.com\/#organization","name":"Il Pozzeto SRL","url":"https:\/\/www.ilpozzeto.com\/","logo":{"@type":"ImageObject","inLanguage":"it-IT","@id":"https:\/\/www.ilpozzeto.com\/#\/schema\/logo\/image\/","url":"https:\/\/www.ilpozzeto.com\/wp-content\/uploads\/2022\/08\/Il-Pozzeto_Logo_RGB_Espresso-Brown.webp","contentUrl":"https:\/\/www.ilpozzeto.com\/wp-content\/uploads\/2022\/08\/Il-Pozzeto_Logo_RGB_Espresso-Brown.webp","width":350,"height":197,"caption":"Il Pozzeto SRL"},"image":{"@id":"https:\/\/www.ilpozzeto.com\/#\/schema\/logo\/image\/"},"sameAs":["https:\/\/www.facebook.com\/IlPozzeto\/","https:\/\/www.instagram.com\/relais_il_pozzeto\/"]}]}},"_links":{"self":[{"href":"https:\/\/www.ilpozzeto.com\/it\/wp-json\/wp\/v2\/pages\/1635","targetHints":{"allow":["GET"]}}],"collection":[{"href":"https:\/\/www.ilpozzeto.com\/it\/wp-json\/wp\/v2\/pages"}],"about":[{"href":"https:\/\/www.ilpozzeto.com\/it\/wp-json\/wp\/v2\/types\/page"}],"author":[{"embeddable":true,"href":"https:\/\/www.ilpozzeto.com\/it\/wp-json\/wp\/v2\/users\/1"}],"replies":[{"embeddable":true,"href":"https:\/\/www.ilpozzeto.com\/it\/wp-json\/wp\/v2\/comments?post=1635"}],"version-history":[{"count":14,"href":"https:\/\/www.ilpozzeto.com\/it\/wp-json\/wp\/v2\/pages\/1635\/revisions"}],"predecessor-version":[{"id":2916,"href":"https:\/\/www.ilpozzeto.com\/it\/wp-json\/wp\/v2\/pages\/1635\/revisions\/2916"}],"wp:attachment":[{"href":"https:\/\/www.ilpozzeto.com\/it\/wp-json\/wp\/v2\/media?parent=1635"}],"curies":[{"name":"wp","href":"https:\/\/api.w.org\/{rel}","templated":true}]}}